{"id":5634,"date":"2021-08-22T18:56:23","date_gmt":"2021-08-22T11:56:23","guid":{"rendered":"https:\/\/vinahost.vn\/dedicated-server-singapore-copy\/"},"modified":"2025-10-03T16:08:10","modified_gmt":"2025-10-03T09:08:10","slug":"dedicated-server-usa","status":"publish","type":"page","link":"https:\/\/vinahost.vn\/zh-hans\/dedicated-server-usa\/","title":{"rendered":"Server USA"},"content":{"rendered":"<h2><strong><span style=\"font-size: 28px;\">\u5728\u7f8e\u56fd\u7684\u79c1\u4eba\u670d\u52a1\u5668\u670d\u52a1 | 99.9% \u7684\u6b63\u5e38\u8fd0\u884c\u65f6\u95f4 | 24\/7 \u652f\u6301 | \u76f4\u6d41 3 \u7ea7<\/span><\/strong><\/h2>\n<p>\u7f8e\u56fd\u79c1\u4eba\u670d\u52a1\u5668\u79df\u8d41\u670d\u52a1\u662f\u9700\u8981\u4f7f\u7528\u670d\u52a1\u5668\u5728\u7f8e\u56fd\u5f00\u5c55\u4e1a\u52a1\u7684\u4e2a\u4eba\/\u4f01\u4e1a\u5ba2\u6237\u7684\u5b8c\u7f8e\u89e3\u51b3\u65b9\u6848\u3002<\/p>\n<p>\u7f8e\u56fd\u4e13\u7528\u670d\u52a1\u5668\u79df\u8d41\u670d\u52a1\uff08Dedicated server\uff09\u662f\u9700\u8981\u8fd0\u884c\u5927\u578b\u77ed\u671f\u9879\u76ee\u7684\u4f01\u4e1a\u7684\u6700\u4f73\u89e3\u51b3\u65b9\u6848\u3002<\/p>\n<p>VinaHost \u4e5f\u662f\u4e00\u5bb6\u4ef7\u683c\u4f4e\u5ec9\u3001\u4fe1\u8a89\u826f\u597d\u7684\u670d\u52a1\u5668\u786c\u4ef6\u4f9b\u5e94\u5546\uff0c\u81f4\u529b\u4e8e\u63d0\u4f9b\u6b63\u54c1\u3001\u5168\u65b0\u3001\u539f\u88c5\u914d\u4ef6\u3002<\/p>\n<p>\u5982\u679c\u60a8\u60f3\u4e3a\u4ee5\u4e0b\u6d41\u884c\u7684\u670d\u52a1\u5668\u7cfb\u5217\u8ba2\u8d2d\u786c\u4ef6\uff0c\u8bf7\u62e8\u6253\u70ed\u7ebf 1900 6046 \u6216\u53d1\u9001\u7535\u5b50\u90ae\u4ef6\u81f3 support@vinahost.vn \u4ee5\u83b7\u5f97\u6700\u4f18\u60e0\u7684\u4ef7\u683c\uff1a<\/p>\n<ul>\n<li>\u6234\u5c14\u670d\u52a1\u5668<\/li>\n<li>\u670d\u52a1\u5668\u60e0\u666e<\/li>\n<li>\u670d\u52a1\u5668 \u7f8e\u8d85\u5fae<\/li>\n<\/ul>\n<p>&nbsp;<\/p>\n<p style=\"text-align: center;\"><span style=\"color: #000000;\"><img decoding=\"async\" class=\"alignnone wp-image-2333\" src=\"https:\/\/static.vinahost.vn\/wp-content\/uploads\/2021\/07\/ssd-1.jpg\" alt=\"M\u00c1Y CH\u1ee6 RI\u00caNG TH\u00c1I LAN\" width=\"545\" height=\"363\" title=\"-\" srcset=\"https:\/\/static.vinahost.vn\/wp-content\/uploads\/2021\/07\/ssd-1.jpg 1600w, https:\/\/static.vinahost.vn\/wp-content\/uploads\/2021\/07\/ssd-1-600x400.jpg 600w, https:\/\/static.vinahost.vn\/wp-content\/uploads\/2021\/07\/ssd-1-1201x800.jpg 1201w, https:\/\/static.vinahost.vn\/wp-content\/uploads\/2021\/07\/ssd-1-768x512.jpg 768w, https:\/\/static.vinahost.vn\/wp-content\/uploads\/2021\/07\/ssd-1-1536x1023.jpg 1536w\" sizes=\"(max-width: 545px) 100vw, 545px\" \/><\/span><\/p>\n<p>\u5728VinaHost\u79df\u7528\u7f8e\u56fd\u79c1\u4eba\u670d\u52a1\u5668\u65f6\uff0c\u60a8\u5c06\u6ee1\u8db3\u60a8\u5728Tier 3\u6807\u51c6\u6570\u636e\u4e2d\u5fc3\u8bbe\u7f6e\u670d\u52a1\u5668\u7684\u613f\u671b\uff0c\u786e\u4fdd\u5f3a\u5927\u7684\u8fde\u63a5\u901f\u5ea6\u548c24\/7\u7684\u6280\u672f\u652f\u6301\u3002<\/p>\n<p>VinaHost \u4f7f\u7528\u5e26\u6709 2 \u4e2a Intel Deca Core E5 \u7cfb\u5217 CPU\u3001128 GB RAM\u30012 \u4e2a 480GB SSD \u786c\u76d8\u6216\u66f4\u591a\u7684\u670d\u52a1\u5668\u6234\u5c14\/\u60e0\u666e\uff0c\u5177\u4f53\u53d6\u51b3\u4e8e\u60a8\u7684\u4f7f\u7528\u9700\u6c42\u3002<\/p>\n<p>\u6211\u4eec\u81f4\u529b\u4e8e\u5b9e\u73b0\u9ad8\u8fbe 99.9% \u7684\u6b63\u5e38\u8fd0\u884c\u65f6\u95f4\u3001\u9ad8\u8fbe 10TB \u7684\u6570\u636e\u4f20\u8f93\u6d41\u91cf\u3001\u9ad8\u8fbe 100Mbps \u7684\u5e26\u5bbd\uff0c\u786e\u4fdd\u60a8\u7684\u670d\u52a1\u5668\u59cb\u7ec8\u5904\u4e8e\u6700\u9ad8\u6027\u80fd\u3002<\/p>\n<p style=\"text-align: center;\"><span style=\"color: #000000;\"><img decoding=\"async\" class=\"alignnone size-full wp-image-3097\" src=\"https:\/\/static.vinahost.vn\/wp-content\/uploads\/2021\/07\/data-center.jpg\" alt=\"\" width=\"600\" height=\"350\" title=\"-\" srcset=\"https:\/\/static.vinahost.vn\/wp-content\/uploads\/2021\/07\/data-center.jpg 600w, https:\/\/static.vinahost.vn\/wp-content\/uploads\/2021\/07\/data-center-103x60.jpg 103w\" sizes=\"(max-width: 600px) 100vw, 600px\" \/><\/span><\/p>\n<p>\u9664\u4e86\u5728\u7f8e\u56fd\u79df\u7528\u79c1\u4eba\u670d\u52a1\u5668\uff0cVinaHost \u8fd8\u63d0\u4f9b\u201c\u670d\u52a1\u5668\u89e3\u51b3\u65b9\u6848\u201d\uff0c\u4f8b\u5982\uff1a<\/p>\n<ul>\n<li>\u9632\u706b\u5899\u548c DOS\/DDOS \u653b\u51fb\u9632\u62a4\uff08\u4ee3\u7406 DDoS \u8fc7\u6ee4\u5668\u548c Web DDoS \u8fc7\u6ee4\u5668\uff09<\/li>\n<li>\u63d0\u9ad8\u7f51\u7ad9\u901f\u5ea6\/\u8d1f\u8f7d\u5e73\u8861<\/li>\n<li>\u89c6\u9891\u6d41\/\u53cd\u4e0b\u8f7d\u89c6\u9891<\/li>\n<li>\u6570\u636e\u5e93\u96c6\u7fa4\/Web\u96c6\u7fa4<\/li>\n<li>\u96c6\u4e2d\u76d1\u63a7\u548c\u8ddf\u8e2a\u89e3\u51b3\u65b9\u6848\u3002<\/li>\n<\/ul>\n<p style=\"text-align: center;\"><span style=\"color: #000000;\"><img decoding=\"async\" class=\"alignnone wp-image-3147\" src=\"https:\/\/static.vinahost.vn\/wp-content\/uploads\/2021\/07\/anti-ddos.jpg\" alt=\"\" width=\"591\" height=\"296\" title=\"-\" srcset=\"https:\/\/static.vinahost.vn\/wp-content\/uploads\/2021\/07\/anti-ddos.jpg 1200w, https:\/\/static.vinahost.vn\/wp-content\/uploads\/2021\/07\/anti-ddos-800x400.jpg 800w, https:\/\/static.vinahost.vn\/wp-content\/uploads\/2021\/07\/anti-ddos-768x384.jpg 768w, https:\/\/static.vinahost.vn\/wp-content\/uploads\/2021\/07\/anti-ddos-120x60.jpg 120w\" sizes=\"(max-width: 591px) 100vw, 591px\" \/><\/span><\/p>\n<p>\u6b64\u5916\uff0cVinaHost \u6839\u636e\u4e2a\u4eba\u9700\u6c42\u63d0\u4f9b\u5305\u670d\u52a1\u5668\u7ba1\u7406\u670d\u52a1\uff0c\u4f8b\u5982\uff1a<\/p>\n<ul>\n<li><\/li>\n<li>\u5b89\u88c5\u548c\u914d\u7f6eweb\u670d\u52a1\u5668\u7684\u4e3b\u8981\u670d\u52a1<\/li>\n<li><span style=\"vertical-align: inherit;\"><span style=\"vertical-align: inherit;\">C\u00e0i \u0111\u1eb7t c\u00e1c ph\u1ea7n m\u1ec1m v\u00e0 d\u1ecbch v\u1ee5 kh\u00e1c theo y\u00eau c\u1ea7u c\u1ee7a kh\u00e1ch h\u00e0ng<\/span><\/span><\/li>\n<li><span style=\"vertical-align: inherit;\"><span style=\"vertical-align: inherit;\">G\u00f3i d\u1ecbch v\u1ee5 chuy\u1ec3n d\u1eef li\u1ec7u t\u1eeb m\u00e1y ch\u1ee7 c\u1ee7a nh\u00e0 cung c\u1ea5p kh\u00e1c v\u1ec1 VinaHost<\/span><\/span><\/li>\n<li><span style=\"vertical-align: inherit;\"><span style=\"vertical-align: inherit;\">Ki\u1ec3m tra c\u1eadp nh\u1eadt h\u1ec7 th\u1ed1ng th\u01b0\u1eddng xuy\u00ean<\/span><\/span><\/li>\n<li><span style=\"vertical-align: inherit;\"><span style=\"vertical-align: inherit;\">C\u00e0i \u0111\u1eb7t v\u00e0 c\u1ea5u h\u00ecnh t\u01b0\u1eddng l\u1eeda \u0111\u1ec3 h\u1ea1n ch\u1ebf c\u00e1c cu\u1ed9c t\u1ea5n c\u00f4ng DDOS<\/span><\/span><\/li>\n<li><span style=\"vertical-align: inherit;\"><span style=\"vertical-align: inherit;\">Ki\u1ec3m tra v\u00e0 x\u1eed l\u00fd c\u00e1c vi ph\u1ea1m b\u1ea3o m\u1eadt<\/span><\/span><\/li>\n<li><span style=\"vertical-align: inherit;\"><span style=\"vertical-align: inherit;\">C\u1ea5u h\u00ecnh c\u01a1 ch\u1ebf sao l\u01b0u d\u1eef li\u1ec7u theo y\u00eau c\u1ea7u c\u1ee7a kh\u00e1ch h\u00e0ng<\/span><\/span><\/li>\n<li><span style=\"vertical-align: inherit;\"><span style=\"vertical-align: inherit;\">S\u1eed d\u1ee5ng h\u1ec7 th\u1ed1ng theo d\u00f5i c\u1ee7a VinaHost<\/span><\/span><\/li>\n<li><span style=\"vertical-align: inherit;\"><span style=\"vertical-align: inherit;\">X\u1eed l\u00fd c\u00e1c s\u1ef1 c\u1ed1 c\u1ee7a m\u00e1y ch\u1ee7 Web v\u00e0 c\u00e1c d\u1ecbch v\u1ee5 li\u00ean quan theo th\u00f4ng b\u00e1o c\u1ee7a h\u1ec7 th\u1ed1ng c\u1ea3nh b\u00e1o c\u1ee7a VinaHost ho\u1eb7c th\u00f4ng b\u00e1o c\u1ee7a kh\u00e1ch h\u00e0ng<\/span><\/span><\/li>\n<li><span style=\"vertical-align: inherit;\"><span style=\"vertical-align: inherit;\">H\u1ed7 tr\u1ee3 c\u00e1c v\u1ea5n \u0111\u1ec1 li\u00ean quan \u0111\u1ebfn y\u00eau c\u1ea7u m\u00e3 ngu\u1ed3n trang web<\/span><\/span><\/li>\n<li><span style=\"vertical-align: inherit;\"><span style=\"vertical-align: inherit;\">Quy tr\u00ecnh b\u1ea3o m\u1eadt h\u1ec7 th\u1ed1ng c\u01a1 b\u1ea3n v\u00e0 n\u00e2ng cao<\/span><\/span><\/li>\n<li><span style=\"vertical-align: inherit;\"><span style=\"vertical-align: inherit;\">Gi\u00e1m s\u00e1t trang web \u0111\u1ec3 \u0111\u00e1nh gi\u00e1 v\u00e0 \u0111\u1ec1 xu\u1ea5t c\u00e1c t\u00f9y ch\u1ecdn t\u1ed1i \u01b0u h\u00f3a trang web d\u1ef1a tr\u00ean GTMetrix \/ Google Pagespeed Insight<\/span><\/span><\/li>\n<li><span style=\"vertical-align: inherit;\"><span style=\"vertical-align: inherit;\">Trang web Pentest c\u1ea5p c\u01a1 b\u1ea3n<\/span><\/span><\/li>\n<\/ul>\n<p style=\"text-align: center;\"><span style=\"color: #000000;\"><img decoding=\"async\" class=\"alignnone wp-image-2484\" src=\"https:\/\/static.vinahost.vn\/wp-content\/uploads\/2021\/07\/linux-hosting-security.jpg\" alt=\"\" width=\"547\" height=\"274\" title=\"-\" srcset=\"https:\/\/static.vinahost.vn\/wp-content\/uploads\/2021\/07\/linux-hosting-security.jpg 900w, https:\/\/static.vinahost.vn\/wp-content\/uploads\/2021\/07\/linux-hosting-security-800x400.jpg 800w, https:\/\/static.vinahost.vn\/wp-content\/uploads\/2021\/07\/linux-hosting-security-768x384.jpg 768w, https:\/\/static.vinahost.vn\/wp-content\/uploads\/2021\/07\/linux-hosting-security-120x60.jpg 120w\" sizes=\"(max-width: 547px) 100vw, 547px\" \/><\/span><\/p>\n<p><span style=\"vertical-align: inherit;\"><span style=\"vertical-align: inherit;\">Kh\u00f4ng ch\u1ec9 v\u1eady, nh\u1edd ch\u00ednh s\u00e1ch thanh to\u00e1n linh ho\u1ea1t h\u00e0ng th\u00e1ng c\u1ee7a VinaHost, b\u1ea1n s\u1ebd c\u00f3 ngay m\u1ed9t m\u00e1y ch\u1ee7 ri\u00eang ch\u1ea5t l\u01b0\u1ee3ng cao cho d\u1ecbch v\u1ee5 cho thu\u00ea t\u1ea1i M\u1ef9 v\u1edbi gi\u00e1 c\u1ea3 r\u1ea5t ph\u1ea3i ch\u0103ng.<\/span><\/span><\/p>\n<p><span style=\"vertical-align: inherit;\"><span style=\"vertical-align: inherit;\">Hi\u1ec7n t\u1ea1i, ch\u00fang t\u00f4i cung c\u1ea5p d\u1ecbch v\u1ee5 l\u01b0u tr\u1eef v\u00e0 cho thu\u00ea m\u00e1y ch\u1ee7 ri\u00eang t\u1ea1i Vi\u1ec7t Nam, Hoa K\u1ef3, Th\u00e1i Lan, H\u00e0n Qu\u1ed1c v\u00e0 Singapore. <\/span><span style=\"vertical-align: inherit;\">Qu\u00fd kh\u00e1ch c\u00f3 nhu c\u1ea7u thu\u00ea m\u00e1y ch\u1ee7 ch\u00ednh h\u00e3ng \u0111\u1eb7t t\u1ea1i c\u00e1c qu\u1ed1c gia n\u00eau tr\u00ean, vui l\u00f2ng li\u00ean h\u1ec7 tr\u1ef1c ti\u1ebfp v\u1edbi VinaHost qua hotline 1900 6046, \u0111\u1eb7t v\u00e9 ho\u1eb7c g\u1eedi email v\u1ec1 support@vinahost.vn \u0111\u1ec3 \u0111\u01b0\u1ee3c t\u01b0 v\u1ea5n mi\u1ec5n ph\u00ed!<\/span><\/span><\/p>\n","protected":false},"excerpt":{"rendered":"<p>\u5728\u7f8e\u56fd\u7684\u79c1\u4eba\u670d\u52a1\u5668\u670d\u52a1 | 99.9% \u7684\u6b63\u5e38\u8fd0\u884c\u65f6\u95f4 | 24\/7 \u652f\u6301 | \u76f4\u6d41 3 \u7ea7 \u7f8e\u56fd\u79c1\u4eba\u670d\u52a1\u5668\u79df&#8230;<\/p>\n","protected":false},"author":1,"featured_media":8062,"parent":138955,"menu_order":0,"comment_status":"closed","ping_status":"closed","template":"page-hosting.php","meta":{"footnotes":""},"class_list":["post-5634","page","type-page","status-publish","has-post-thumbnail","hentry"],"acf":[],"_links":{"self":[{"href":"https:\/\/vinahost.vn\/zh-hans\/wp-json\/wp\/v2\/pages\/5634","targetHints":{"allow":["GET"]}}],"collection":[{"href":"https:\/\/vinahost.vn\/zh-hans\/wp-json\/wp\/v2\/pages"}],"about":[{"href":"https:\/\/vinahost.vn\/zh-hans\/wp-json\/wp\/v2\/types\/page"}],"author":[{"embeddable":true,"href":"https:\/\/vinahost.vn\/zh-hans\/wp-json\/wp\/v2\/users\/1"}],"replies":[{"embeddable":true,"href":"https:\/\/vinahost.vn\/zh-hans\/wp-json\/wp\/v2\/comments?post=5634"}],"version-history":[{"count":4,"href":"https:\/\/vinahost.vn\/zh-hans\/wp-json\/wp\/v2\/pages\/5634\/revisions"}],"predecessor-version":[{"id":154145,"href":"https:\/\/vinahost.vn\/zh-hans\/wp-json\/wp\/v2\/pages\/5634\/revisions\/154145"}],"up":[{"embeddable":true,"href":"https:\/\/vinahost.vn\/zh-hans\/wp-json\/wp\/v2\/pages\/138955"}],"wp:featuredmedia":[{"embeddable":true,"href":"https:\/\/vinahost.vn\/zh-hans\/wp-json\/wp\/v2\/media\/8062"}],"wp:attachment":[{"href":"https:\/\/vinahost.vn\/zh-hans\/wp-json\/wp\/v2\/media?parent=5634"}],"curies":[{"name":"wp","href":"https:\/\/api.w.org\/{rel}","templated":true}]}}